{"id":301,"date":"2020-04-15T10:46:09","date_gmt":"2020-04-15T10:46:09","guid":{"rendered":"http:\/\/beautycentarcrystal.com\/?page_id=301"},"modified":"2025-02-15T14:39:17","modified_gmt":"2025-02-15T14:39:17","slug":"manikura-staro","status":"publish","type":"page","link":"https:\/\/beautycentarcrystal.com\/en\/usluge\/manikura-staro\/","title":{"rendered":"Manikura staro"},"content":{"rendered":"<div data-elementor-type=\"wp-page\" data-elementor-id=\"301\" class=\"elementor elementor-301\">\n\t\t\t\t\t\t<div class=\"elementor-inner\">\n\t\t\t\t<div class=\"elementor-section-wrap\">\n\t\t\t\t\t\t\t\t\t<section class=\"elementor-section elementor-top-section elementor-element elementor-element-396cac1 elementor-section-boxed elementor-section-height-default elementor-section-height-default\" data-id=\"396cac1\" data-element_type=\"section\">\n\t\t\t\t\t\t<div class=\"elementor-container elementor-column-gap-default\">\n\t\t\t\t\t\t\t<div class=\"elementor-row\">\n\t\t\t\t\t<div class=\"elementor-column elementor-col-100 elementor-top-column elementor-element elementor-element-0f84f34\" data-id=\"0f84f34\" data-element_type=\"column\">\n\t\t\t<div class=\"elementor-column-wrap elementor-element-populated\">\n\t\t\t\t\t\t\t<div class=\"elementor-widget-wrap\">\n\t\t\t\t\t\t<div class=\"elementor-element elementor-element-bece191 elementor-widget elementor-widget-gallery\" data-id=\"bece191\" data-element_type=\"widget\" data-settings=\"{&quot;gap&quot;:{&quot;unit&quot;:&quot;px&quot;,&quot;size&quot;:3,&quot;sizes&quot;:[]},&quot;lazyload&quot;:&quot;yes&quot;,&quot;gallery_layout&quot;:&quot;grid&quot;,&quot;columns&quot;:4,&quot;columns_tablet&quot;:2,&quot;columns_mobile&quot;:1,&quot;gap_tablet&quot;:{&quot;unit&quot;:&quot;px&quot;,&quot;size&quot;:10,&quot;sizes&quot;:[]},&quot;gap_mobile&quot;:{&quot;unit&quot;:&quot;px&quot;,&quot;size&quot;:10,&quot;sizes&quot;:[]},&quot;link_to&quot;:&quot;file&quot;,&quot;aspect_ratio&quot;:&quot;3:2&quot;,&quot;overlay_background&quot;:&quot;yes&quot;,&quot;content_hover_animation&quot;:&quot;fade-in&quot;}\" data-widget_type=\"gallery.default\">\n\t\t\t\t<div class=\"elementor-widget-container\">\n\t\t\t\t\t<div class=\"elementor-gallery__container\">\n\t\t\t\t\t\t\t<a class=\"e-gallery-item elementor-gallery-item elementor-animated-content\" href=\"https:\/\/beautycentarcrystal.com\/wp-content\/uploads\/2020\/04\/87379934_2986540588064855_3434674330020085760_n.jpg\" data-elementor-open-lightbox=\"yes\" data-elementor-lightbox-slideshow=\"all-bece191\" data-elementor-lightbox-title=\"87379934_2986540588064855_3434674330020085760_n\" e-action-hash=\"#elementor-action%3Aaction%3Dlightbox%26settings%3DeyJpZCI6NTc2LCJ1cmwiOiJodHRwczpcL1wvYmVhdXR5Y2VudGFyY3J5c3RhbC5jb21cL3dwLWNvbnRlbnRcL3VwbG9hZHNcLzIwMjBcLzA0XC84NzM3OTkzNF8yOTg2NTQwNTg4MDY0ODU1XzM0MzQ2NzQzMzAwMjAwODU3NjBfbi5qcGciLCJzbGlkZXNob3ciOiJhbGwtYmVjZTE5MSJ9\">\n\t\t\t\t\t<div class=\"e-gallery-image elementor-gallery-item__image\" data-thumbnail=\"https:\/\/beautycentarcrystal.com\/wp-content\/uploads\/2020\/04\/87379934_2986540588064855_3434674330020085760_n-300x300.jpg\" data-width=\"300\" data-height=\"300\" alt=\"crystal nokti\" ><\/div>\n\t\t\t\t\t\t\t\t\t\t\t<div class=\"elementor-gallery-item__overlay\"><\/div>\n\t\t\t\t\t\t\t\t\t\t\t\t\t\t<\/a>\n\t\t\t\t\t\t\t<a class=\"e-gallery-item elementor-gallery-item elementor-animated-content\" href=\"https:\/\/beautycentarcrystal.com\/wp-content\/uploads\/2020\/04\/86295675_2979849902067257_1545582584631656448_o.jpg\" data-elementor-open-lightbox=\"yes\" data-elementor-lightbox-slideshow=\"all-bece191\" data-elementor-lightbox-title=\"86295675_2979849902067257_1545582584631656448_o\" e-action-hash=\"#elementor-action%3Aaction%3Dlightbox%26settings%3DeyJpZCI6NTc1LCJ1cmwiOiJodHRwczpcL1wvYmVhdXR5Y2VudGFyY3J5c3RhbC5jb21cL3dwLWNvbnRlbnRcL3VwbG9hZHNcLzIwMjBcLzA0XC84NjI5NTY3NV8yOTc5ODQ5OTAyMDY3MjU3XzE1NDU1ODI1ODQ2MzE2NTY0NDhfby5qcGciLCJzbGlkZXNob3ciOiJhbGwtYmVjZTE5MSJ9\">\n\t\t\t\t\t<div class=\"e-gallery-image elementor-gallery-item__image\" data-thumbnail=\"https:\/\/beautycentarcrystal.com\/wp-content\/uploads\/2020\/04\/86295675_2979849902067257_1545582584631656448_o-300x300.jpg\" data-width=\"300\" data-height=\"300\" alt=\"crystal nokti\" ><\/div>\n\t\t\t\t\t\t\t\t\t\t\t<div class=\"elementor-gallery-item__overlay\"><\/div>\n\t\t\t\t\t\t\t\t\t\t\t\t\t\t<\/a>\n\t\t\t\t\t\t\t<a class=\"e-gallery-item elementor-gallery-item elementor-animated-content\" href=\"https:\/\/beautycentarcrystal.com\/wp-content\/uploads\/2020\/04\/82965079_2930231113695803_1419595409835163648_o.jpg\" data-elementor-open-lightbox=\"yes\" data-elementor-lightbox-slideshow=\"all-bece191\" data-elementor-lightbox-title=\"82965079_2930231113695803_1419595409835163648_o\" e-action-hash=\"#elementor-action%3Aaction%3Dlightbox%26settings%3DeyJpZCI6NTc0LCJ1cmwiOiJodHRwczpcL1wvYmVhdXR5Y2VudGFyY3J5c3RhbC5jb21cL3dwLWNvbnRlbnRcL3VwbG9hZHNcLzIwMjBcLzA0XC84Mjk2NTA3OV8yOTMwMjMxMTEzNjk1ODAzXzE0MTk1OTU0MDk4MzUxNjM2NDhfby5qcGciLCJzbGlkZXNob3ciOiJhbGwtYmVjZTE5MSJ9\">\n\t\t\t\t\t<div class=\"e-gallery-image elementor-gallery-item__image\" data-thumbnail=\"https:\/\/beautycentarcrystal.com\/wp-content\/uploads\/2020\/04\/82965079_2930231113695803_1419595409835163648_o-300x300.jpg\" data-width=\"300\" data-height=\"300\" alt=\"crystal nokti\" ><\/div>\n\t\t\t\t\t\t\t\t\t\t\t<div class=\"elementor-gallery-item__overlay\"><\/div>\n\t\t\t\t\t\t\t\t\t\t\t\t\t\t<\/a>\n\t\t\t\t\t\t\t<a class=\"e-gallery-item elementor-gallery-item elementor-animated-content\" href=\"https:\/\/beautycentarcrystal.com\/wp-content\/uploads\/2020\/04\/51007079_2252056741513247_6977238934300393472_o.jpg\" data-elementor-open-lightbox=\"yes\" data-elementor-lightbox-slideshow=\"all-bece191\" data-elementor-lightbox-title=\"51007079_2252056741513247_6977238934300393472_o\" e-action-hash=\"#elementor-action%3Aaction%3Dlightbox%26settings%3DeyJpZCI6NTcyLCJ1cmwiOiJodHRwczpcL1wvYmVhdXR5Y2VudGFyY3J5c3RhbC5jb21cL3dwLWNvbnRlbnRcL3VwbG9hZHNcLzIwMjBcLzA0XC81MTAwNzA3OV8yMjUyMDU2NzQxNTEzMjQ3XzY5NzcyMzg5MzQzMDAzOTM0NzJfby5qcGciLCJzbGlkZXNob3ciOiJhbGwtYmVjZTE5MSJ9\">\n\t\t\t\t\t<div class=\"e-gallery-image elementor-gallery-item__image\" data-thumbnail=\"https:\/\/beautycentarcrystal.com\/wp-content\/uploads\/2020\/04\/51007079_2252056741513247_6977238934300393472_o-300x253.jpg\" data-width=\"300\" data-height=\"253\" alt=\"crystal nokti\" ><\/div>\n\t\t\t\t\t\t\t\t\t\t\t<div class=\"elementor-gallery-item__overlay\"><\/div>\n\t\t\t\t\t\t\t\t\t\t\t\t\t\t<\/a>\n\t\t\t\t\t\t\t<a class=\"e-gallery-item elementor-gallery-item elementor-animated-content\" href=\"https:\/\/beautycentarcrystal.com\/wp-content\/uploads\/2020\/04\/64673802_2473070606078525_5335822005658714112_o.jpg\" data-elementor-open-lightbox=\"yes\" data-elementor-lightbox-slideshow=\"all-bece191\" data-elementor-lightbox-title=\"64673802_2473070606078525_5335822005658714112_o\" e-action-hash=\"#elementor-action%3Aaction%3Dlightbox%26settings%3DeyJpZCI6NTczLCJ1cmwiOiJodHRwczpcL1wvYmVhdXR5Y2VudGFyY3J5c3RhbC5jb21cL3dwLWNvbnRlbnRcL3VwbG9hZHNcLzIwMjBcLzA0XC82NDY3MzgwMl8yNDczMDcwNjA2MDc4NTI1XzUzMzU4MjIwMDU2NTg3MTQxMTJfby5qcGciLCJzbGlkZXNob3ciOiJhbGwtYmVjZTE5MSJ9\">\n\t\t\t\t\t<div class=\"e-gallery-image elementor-gallery-item__image\" data-thumbnail=\"https:\/\/beautycentarcrystal.com\/wp-content\/uploads\/2020\/04\/64673802_2473070606078525_5335822005658714112_o-300x246.jpg\" data-width=\"300\" data-height=\"246\" alt=\"crystal nokti\" ><\/div>\n\t\t\t\t\t\t\t\t\t\t\t<div class=\"elementor-gallery-item__overlay\"><\/div>\n\t\t\t\t\t\t\t\t\t\t\t\t\t\t<\/a>\n\t\t\t\t\t<\/div>\n\t\t\t<\/div>\n\t\t\t\t<\/div>\n\t\t\t\t\t\t<\/div>\n\t\t\t\t\t<\/div>\n\t\t<\/div>\n\t\t\t\t\t\t\t\t<\/div>\n\t\t\t\t\t<\/div>\n\t\t<\/section>\n\t\t\t\t<section class=\"elementor-section elementor-top-section elementor-element elementor-element-db9b31b animated-slow elementor-section-boxed elementor-section-height-default elementor-section-height-default elementor-invisible\" data-id=\"db9b31b\" data-element_type=\"section\" data-settings=\"{&quot;background_background&quot;:&quot;gradient&quot;,&quot;animation&quot;:&quot;fadeIn&quot;,&quot;shape_divider_top&quot;:&quot;mountains&quot;}\">\n\t\t\t\t\t<div class=\"elementor-shape elementor-shape-top\" data-negative=\"false\">\n\t\t\t<svg xmlns=\"http:\/\/www.w3.org\/2000\/svg\" viewbox=\"0 0 1000 100\" preserveaspectratio=\"none\">\n\t<path class=\"elementor-shape-fill\" opacity=\"0.33\" d=\"M473,67.3c-203.9,88.3-263.1-34-320.3,0C66,119.1,0,59.7,0,59.7V0h1000v59.7 c0,0-62.1,26.1-94.9,29.3c-32.8,3.3-62.8-12.3-75.8-22.1C806,49.6,745.3,8.7,694.9,4.7S492.4,59,473,67.3z\"\/>\n\t<path class=\"elementor-shape-fill\" opacity=\"0.66\" d=\"M734,67.3c-45.5,0-77.2-23.2-129.1-39.1c-28.6-8.7-150.3-10.1-254,39.1 s-91.7-34.4-149.2,0C115.7,118.3,0,39.8,0,39.8V0h1000v36.5c0,0-28.2-18.5-92.1-18.5C810.2,18.1,775.7,67.3,734,67.3z\"\/>\n\t<path class=\"elementor-shape-fill\" d=\"M766.1,28.9c-200-57.5-266,65.5-395.1,19.5C242,1.8,242,5.4,184.8,20.6C128,35.8,132.3,44.9,89.9,52.5C28.6,63.7,0,0,0,0 h1000c0,0-9.9,40.9-83.6,48.1S829.6,47,766.1,28.9z\"\/>\n<\/svg>\t\t<\/div>\n\t\t\t\t\t<div class=\"elementor-container elementor-column-gap-default\">\n\t\t\t\t\t\t\t<div class=\"elementor-row\">\n\t\t\t\t\t<div class=\"elementor-column elementor-col-100 elementor-top-column elementor-element elementor-element-fd9cff6\" data-id=\"fd9cff6\" data-element_type=\"column\">\n\t\t\t<div class=\"elementor-column-wrap elementor-element-populated\">\n\t\t\t\t\t\t\t<div class=\"elementor-widget-wrap\">\n\t\t\t\t\t\t<div class=\"elementor-element elementor-element-a3455c0 elementor-widget elementor-widget-heading\" data-id=\"a3455c0\" data-element_type=\"widget\" data-widget_type=\"heading.default\">\n\t\t\t\t<div class=\"elementor-widget-container\">\n\t\t\t<h2 class=\"elementor-heading-title elementor-size-default\">ZA\u0160TO JE BITNA MANIKURA?\n\n<\/h2>\t\t<\/div>\n\t\t\t\t<\/div>\n\t\t\t\t<div class=\"elementor-element elementor-element-c13ec9c elementor-widget elementor-widget-text-editor\" data-id=\"c13ec9c\" data-element_type=\"widget\" data-widget_type=\"text-editor.default\">\n\t\t\t\t<div class=\"elementor-widget-container\">\n\t\t\t\t\t\t\t\t<div class=\"elementor-text-editor elementor-clearfix\">\n\t\t\t\t<p>Op\u0107e zdravstveno stanje organizma ogleda se na noktima. U svakodnevnom \u017eivotu i radu ruke su najva\u017enije, a i neprestano su izlo\u017eene pogledu drugih.\u00a0<span style=\"background-color: transparent;\">U pojedinim profesijama ruke su posebno izlo\u017eene pogledima, pa ih treba redovito njegovati.<\/span><\/p><p>Manikura pobolj\u0161ava teksturu i zdravlje na\u0161ih ruku i noktiju, i daje im ujedno lijep i poliran izgled. Klasi\u010dna manikura ruku i noktiju podrazumijeva piling, \u010di\u0161\u0107enje, popravak i oporavak noktiju za optimalan izgled prirodnih noktiju i kutikula, te za\u0161titni prirodni premaz za njegu i sjaj. Posebnim preparatima i masa\u017eom poti\u010demo rast noktiju i njegujemo kutikule.\u00a0<\/p><p>Kod \u017eena se po \u017eelji nanosi lak. Poslije manikure ruke su opu\u0161tene i meke, a nokti lijepi, zdravi i ure\u0111eni. Osim \u0161to \u010dini na\u0161e ruke i nokte ljep\u0161ima i daje im osje\u0107aj ugode, manikura \u010desto ima i umiruju\u0107i i relaksiraju\u0107i efekt i na nas same.<\/p>\t\t\t\t\t<\/div>\n\t\t\t\t\t\t<\/div>\n\t\t\t\t<\/div>\n\t\t\t\t\t\t<\/div>\n\t\t\t\t\t<\/div>\n\t\t<\/div>\n\t\t\t\t\t\t\t\t<\/div>\n\t\t\t\t\t<\/div>\n\t\t<\/section>\n\t\t\t\t\t\t\t\t\t<\/div>\n\t\t\t<\/div>\n\t\t\t\t\t<\/div>","protected":false},"excerpt":{"rendered":"<p>ZA\u0160TO JE BITNA MANIKURA? Op\u0107e zdravstveno stanje organizma ogleda se na noktima. U svakodnevnom \u017eivotu i radu ruke su najva\u017enije, a i neprestano su izlo\u017eene pogledu drugih.\u00a0U pojedinim profesijama ruke su posebno izlo\u017eene pogledima, pa ih treba redovito njegovati. Manikura pobolj\u0161ava teksturu i zdravlje na\u0161ih ruku i noktiju, i daje im ujedno lijep i poliran [&hellip;]<\/p>","protected":false},"author":1,"featured_media":391,"parent":283,"menu_order":0,"comment_status":"closed","ping_status":"closed","template":"elementor_header_footer","meta":{"footnotes":""},"class_list":["post-301","page","type-page","status-publish","has-post-thumbnail","hentry"],"_links":{"self":[{"href":"https:\/\/beautycentarcrystal.com\/en\/wp-json\/wp\/v2\/pages\/301"}],"collection":[{"href":"https:\/\/beautycentarcrystal.com\/en\/wp-json\/wp\/v2\/pages"}],"about":[{"href":"https:\/\/beautycentarcrystal.com\/en\/wp-json\/wp\/v2\/types\/page"}],"author":[{"embeddable":true,"href":"https:\/\/beautycentarcrystal.com\/en\/wp-json\/wp\/v2\/users\/1"}],"replies":[{"embeddable":true,"href":"https:\/\/beautycentarcrystal.com\/en\/wp-json\/wp\/v2\/comments?post=301"}],"version-history":[{"count":29,"href":"https:\/\/beautycentarcrystal.com\/en\/wp-json\/wp\/v2\/pages\/301\/revisions"}],"predecessor-version":[{"id":3468,"href":"https:\/\/beautycentarcrystal.com\/en\/wp-json\/wp\/v2\/pages\/301\/revisions\/3468"}],"up":[{"embeddable":true,"href":"https:\/\/beautycentarcrystal.com\/en\/wp-json\/wp\/v2\/pages\/283"}],"wp:featuredmedia":[{"embeddable":true,"href":"https:\/\/beautycentarcrystal.com\/en\/wp-json\/wp\/v2\/media\/391"}],"wp:attachment":[{"href":"https:\/\/beautycentarcrystal.com\/en\/wp-json\/wp\/v2\/media?parent=301"}],"curies":[{"name":"wp","href":"https:\/\/api.w.org\/{rel}","templated":true}]}}